{"id":2948,"date":"2024-08-12T10:00:00","date_gmt":"2024-08-12T08:00:00","guid":{"rendered":"https:\/\/www.ivostud.com\/?page_id=2948"},"modified":"2024-08-12T10:04:16","modified_gmt":"2024-08-12T08:04:16","slug":"career","status":"publish","type":"page","link":"https:\/\/www.ivostud.com\/en\/career\/","title":{"rendered":"IVOSTUD as an employer"},"content":{"rendered":"<p class=\"p1\"><b>You have already gained work experience and are looking for new challenges and opportunities for further development?<span class=\"Apple-converted-space\">\u00a0<\/span><\/b><\/p>\n<p class=\"p1\">You have successfully completed your training or studies?<\/p>\n<p class=\"p1\">You have out-of-the-box ideas, want to make a difference, are committed and a team player?<\/p>\n<p class=\"p1\">Sounds like you? Become part of our internationally successful company!<span class=\"Apple-converted-space\">\u00a0<\/span><\/p>\n<p class=\"p1\">We live stud welding &#8211; for this we develop innovative technologies and products for industry. Our employees contribute to our success regionally and internationally and make us a leading global brand in the field of welding studs and welding equipment.<span class=\"Apple-converted-space\">\u00a0<\/span><\/p>\n<p class=\"p1\">We offer you exciting tasks, prepare you specifically for your future with us and support you from the start. From day one, you will get to know our products, employees and structures with the aim of quickly becoming part of IVOSTUD.<span class=\"Apple-converted-space\">\u00a0<\/span><\/p>\n<p class=\"p1\"><b>Our Benefits:<span class=\"Apple-converted-space\">\u00a0<\/span><\/b><\/p>\n<ul>\n<li class=\"p1\">Value-oriented work culture &#8211; We are down-to-earth, appreciative and innovative<span class=\"Apple-converted-space\">\u00a0<\/span><\/li>\n<li class=\"p1\">Personal development &#8211; individual training, extensive qualification offers and career perspectives for a long-term cooperation<\/li>\n<li class=\"p1\">Modern workplaces and equipment<\/li>\n<li class=\"p1\">Attractive contractual conditions &#8211; remuneration in accordance with the collective wage agreement for the metal and electrical industry, including vacation pay, Christmas pay and additional pay in accordance with the collective wage agreement, company pension scheme with employer allowance, employer-funded pension scheme<\/li>\n<li class=\"p1\">High flexibility &#8211; 35-hour week, mobile working and flexitime models with plenty of personal leeway<\/li>\n<li class=\"p1\">Company canteen and lunch allowance, free drinks (coffee and water)<\/li>\n<li class=\"p1\">Occupational health care by our company doctor + possibility of flu vaccination<\/li>\n<li class=\"p1\">Free use of charging stations for employee vehicles<\/li>\n<\/ul>\n<p class=\"p1\">We take responsibility: for our actions, for our team, for our customers and for our changing environment. It is our goal to leave an ever greener footprint &#8211; setting an example for change in industry.<span class=\"Apple-converted-space\">\u00a0<\/span><\/p>\n<hr \/>\n<h2 class=\"p1\">Apply now<\/h2>\n<p class=\"p1\">Apply under the form or forward your documents to job@ivostud.com.<span class=\"Apple-converted-space\">\u00a0<\/span><\/p>\n","protected":false},"excerpt":{"rendered":"<p>You have already gained work experience and are looking for new challenges and opportunities for further development?\u00a0 You have successfully completed your training or studies? You have out-of-the-box ideas, want to make a difference, are committed and a team player? Sounds like you? Become part of our internationally successful company!\u00a0 We live stud welding &#8211; [&#8230;]<\/p>\n<p><a class=\"btn btn-secondary understrap-read-more-link\" href=\"https:\/\/www.ivostud.com\/en\/career\/\">Read More&#8230;<span class=\"screen-reader-text\"> from IVOSTUD as an employer<\/span><\/a><\/p>\n","protected":false},"author":6,"featured_media":2960,"parent":0,"menu_order":0,"comment_status":"closed","ping_status":"closed","template":"page-templates\/standardseite.php","meta":[],"yoast_head":"<!-- This site is optimized with the Yoast SEO plugin v20.7 - https:\/\/yoast.com\/wordpress\/plugins\/seo\/ -->\n<title>IVOSTUD as an employer - IVOSTUD<\/title>\n<meta name=\"description\" content=\"Bolzenschwei\u00dfen, Bolzenschwei\u00dfverfahren, Bolzenschwei\u00dftechnik, Bolzenschwei\u00dfl\u00f6sungen, Bolzenschwei\u00dfsysteme, Bolzenschwei\u00dfger\u00e4te\" \/>\n<meta name=\"robots\" content=\"index, follow, max-snippet:-1, max-image-preview:large, max-video-preview:-1\" \/>\n<link rel=\"canonical\" href=\"https:\/\/www.ivostud.com\/en\/career\/\" \/>\n<meta property=\"og:locale\" content=\"en_US\" \/>\n<meta property=\"og:type\" content=\"article\" \/>\n<meta property=\"og:title\" content=\"IVOSTUD as an employer - IVOSTUD\" \/>\n<meta property=\"og:description\" content=\"Bolzenschwei\u00dfen, Bolzenschwei\u00dfverfahren, Bolzenschwei\u00dftechnik, Bolzenschwei\u00dfl\u00f6sungen, Bolzenschwei\u00dfsysteme, Bolzenschwei\u00dfger\u00e4te\" \/>\n<meta property=\"og:url\" content=\"https:\/\/www.ivostud.com\/en\/career\/\" \/>\n<meta property=\"og:site_name\" content=\"IVOSTUD\" \/>\n<meta property=\"article:modified_time\" content=\"2024-08-12T08:04:16+00:00\" \/>\n<meta property=\"og:image\" content=\"https:\/\/www.ivostud.com\/wp-content\/uploads\/2022\/12\/Ivostud-Karriere-3.jpg\" \/>\n\t<meta property=\"og:image:width\" content=\"1800\" \/>\n\t<meta property=\"og:image:height\" content=\"940\" \/>\n\t<meta property=\"og:image:type\" content=\"image\/jpeg\" \/>\n<meta name=\"twitter:card\" content=\"summary_large_image\" \/>\n<meta name=\"twitter:label1\" content=\"Est. reading time\" \/>\n\t<meta name=\"twitter:data1\" content=\"2 minutes\" \/>\n<script type=\"application\/ld+json\" class=\"yoast-schema-graph\">{\"@context\":\"https:\/\/schema.org\",\"@graph\":[{\"@type\":\"WebPage\",\"@id\":\"https:\/\/www.ivostud.com\/en\/career\/\",\"url\":\"https:\/\/www.ivostud.com\/en\/career\/\",\"name\":\"IVOSTUD as an employer - IVOSTUD\",\"isPartOf\":{\"@id\":\"https:\/\/www.ivostud.com\/#website\"},\"datePublished\":\"2024-08-12T08:00:00+00:00\",\"dateModified\":\"2024-08-12T08:04:16+00:00\",\"description\":\"Bolzenschwei\u00dfen, Bolzenschwei\u00dfverfahren, Bolzenschwei\u00dftechnik, Bolzenschwei\u00dfl\u00f6sungen, Bolzenschwei\u00dfsysteme, Bolzenschwei\u00dfger\u00e4te\",\"breadcrumb\":{\"@id\":\"https:\/\/www.ivostud.com\/en\/career\/#breadcrumb\"},\"inLanguage\":\"en-US\",\"potentialAction\":[{\"@type\":\"ReadAction\",\"target\":[\"https:\/\/www.ivostud.com\/en\/career\/\"]}]},{\"@type\":\"BreadcrumbList\",\"@id\":\"https:\/\/www.ivostud.com\/en\/career\/#breadcrumb\",\"itemListElement\":[{\"@type\":\"ListItem\",\"position\":1,\"name\":\"Startseite\",\"item\":\"https:\/\/www.ivostud.com\/en\/\"},{\"@type\":\"ListItem\",\"position\":2,\"name\":\"IVOSTUD as an employer\"}]},{\"@type\":\"WebSite\",\"@id\":\"https:\/\/www.ivostud.com\/#website\",\"url\":\"https:\/\/www.ivostud.com\/\",\"name\":\"IVOSTUD\",\"description\":\"Eine weitere WordPress-Website\",\"potentialAction\":[{\"@type\":\"SearchAction\",\"target\":{\"@type\":\"EntryPoint\",\"urlTemplate\":\"https:\/\/www.ivostud.com\/?s={search_term_string}\"},\"query-input\":\"required name=search_term_string\"}],\"inLanguage\":\"en-US\"}]}<\/script>\n<!-- \/ Yoast SEO plugin. -->","yoast_head_json":{"title":"IVOSTUD as an employer - IVOSTUD","description":"Bolzenschwei\u00dfen, Bolzenschwei\u00dfverfahren, Bolzenschwei\u00dftechnik, Bolzenschwei\u00dfl\u00f6sungen, Bolzenschwei\u00dfsysteme, Bolzenschwei\u00dfger\u00e4te","robots":{"index":"index","follow":"follow","max-snippet":"max-snippet:-1","max-image-preview":"max-image-preview:large","max-video-preview":"max-video-preview:-1"},"canonical":"https:\/\/www.ivostud.com\/en\/career\/","og_locale":"en_US","og_type":"article","og_title":"IVOSTUD as an employer - IVOSTUD","og_description":"Bolzenschwei\u00dfen, Bolzenschwei\u00dfverfahren, Bolzenschwei\u00dftechnik, Bolzenschwei\u00dfl\u00f6sungen, Bolzenschwei\u00dfsysteme, Bolzenschwei\u00dfger\u00e4te","og_url":"https:\/\/www.ivostud.com\/en\/career\/","og_site_name":"IVOSTUD","article_modified_time":"2024-08-12T08:04:16+00:00","og_image":[{"width":1800,"height":940,"url":"https:\/\/www.ivostud.com\/wp-content\/uploads\/2022\/12\/Ivostud-Karriere-3.jpg","type":"image\/jpeg"}],"twitter_card":"summary_large_image","twitter_misc":{"Est. reading time":"2 minutes"},"schema":{"@context":"https:\/\/schema.org","@graph":[{"@type":"WebPage","@id":"https:\/\/www.ivostud.com\/en\/career\/","url":"https:\/\/www.ivostud.com\/en\/career\/","name":"IVOSTUD as an employer - IVOSTUD","isPartOf":{"@id":"https:\/\/www.ivostud.com\/#website"},"datePublished":"2024-08-12T08:00:00+00:00","dateModified":"2024-08-12T08:04:16+00:00","description":"Bolzenschwei\u00dfen, Bolzenschwei\u00dfverfahren, Bolzenschwei\u00dftechnik, Bolzenschwei\u00dfl\u00f6sungen, Bolzenschwei\u00dfsysteme, Bolzenschwei\u00dfger\u00e4te","breadcrumb":{"@id":"https:\/\/www.ivostud.com\/en\/career\/#breadcrumb"},"inLanguage":"en-US","potentialAction":[{"@type":"ReadAction","target":["https:\/\/www.ivostud.com\/en\/career\/"]}]},{"@type":"BreadcrumbList","@id":"https:\/\/www.ivostud.com\/en\/career\/#breadcrumb","itemListElement":[{"@type":"ListItem","position":1,"name":"Startseite","item":"https:\/\/www.ivostud.com\/en\/"},{"@type":"ListItem","position":2,"name":"IVOSTUD as an employer"}]},{"@type":"WebSite","@id":"https:\/\/www.ivostud.com\/#website","url":"https:\/\/www.ivostud.com\/","name":"IVOSTUD","description":"Eine weitere WordPress-Website","potentialAction":[{"@type":"SearchAction","target":{"@type":"EntryPoint","urlTemplate":"https:\/\/www.ivostud.com\/?s={search_term_string}"},"query-input":"required name=search_term_string"}],"inLanguage":"en-US"}]}},"_links":{"self":[{"href":"https:\/\/www.ivostud.com\/en\/wp-json\/wp\/v2\/pages\/2948"}],"collection":[{"href":"https:\/\/www.ivostud.com\/en\/wp-json\/wp\/v2\/pages"}],"about":[{"href":"https:\/\/www.ivostud.com\/en\/wp-json\/wp\/v2\/types\/page"}],"author":[{"embeddable":true,"href":"https:\/\/www.ivostud.com\/en\/wp-json\/wp\/v2\/users\/6"}],"replies":[{"embeddable":true,"href":"https:\/\/www.ivostud.com\/en\/wp-json\/wp\/v2\/comments?post=2948"}],"version-history":[{"count":14,"href":"https:\/\/www.ivostud.com\/en\/wp-json\/wp\/v2\/pages\/2948\/revisions"}],"predecessor-version":[{"id":3580,"href":"https:\/\/www.ivostud.com\/en\/wp-json\/wp\/v2\/pages\/2948\/revisions\/3580"}],"wp:featuredmedia":[{"embeddable":true,"href":"https:\/\/www.ivostud.com\/en\/wp-json\/wp\/v2\/media\/2960"}],"wp:attachment":[{"href":"https:\/\/www.ivostud.com\/en\/wp-json\/wp\/v2\/media?parent=2948"}],"curies":[{"name":"wp","href":"https:\/\/api.w.org\/{rel}","templated":true}]}}