{"id":678,"date":"2022-05-25T15:35:13","date_gmt":"2022-05-25T13:35:13","guid":{"rendered":"https:\/\/www.avistud.com\/?page_id=678"},"modified":"2022-05-25T15:34:34","modified_gmt":"2022-05-25T13:34:34","slug":"company","status":"publish","type":"page","link":"https:\/\/www.ivostud.com\/en\/company\/","title":{"rendered":"Company"},"content":{"rendered":"<h3>We live stud Welding!<\/h3>\n<p>This sentence describes how we see ourselves &#8211; as leading supplier of stud welding technology, systems and products for the automotive industry.<br \/>\nGet to know us better &#8211; what we do, what drives us, where we come from and what we build on.<\/p>\n","protected":false},"excerpt":{"rendered":"<p>We live stud Welding! This sentence describes how we see ourselves &#8211; as leading supplier of stud welding technology, systems and products for the automotive industry. Get to know us better &#8211; what we do, what drives us, where we come from and what we build on. [&#8230;]<\/p>\n<p><a class=\"btn btn-secondary understrap-read-more-link\" href=\"https:\/\/www.ivostud.com\/en\/company\/\">Read More&#8230;<span class=\"screen-reader-text\"> from Company<\/span><\/a><\/p>\n","protected":false},"author":6,"featured_media":676,"parent":0,"menu_order":0,"comment_status":"closed","ping_status":"closed","template":"page-templates\/products.php","meta":[],"yoast_head":"<!-- This site is optimized with the Yoast SEO plugin v20.7 - https:\/\/yoast.com\/wordpress\/plugins\/seo\/ -->\n<title>Company - IVOSTUD<\/title>\n<meta name=\"description\" content=\"Bolzenschwei\u00dfen, Bolzenschwei\u00dfverfahren, Bolzenschwei\u00dftechnik, Bolzenschwei\u00dfl\u00f6sungen, Bolzenschwei\u00dfsysteme, Bolzenschwei\u00dfger\u00e4te,\" \/>\n<meta name=\"robots\" content=\"index, follow, max-snippet:-1, max-image-preview:large, max-video-preview:-1\" \/>\n<link rel=\"canonical\" href=\"https:\/\/www.ivostud.com\/en\/company\/\" \/>\n<meta property=\"og:locale\" content=\"en_US\" \/>\n<meta property=\"og:type\" content=\"article\" \/>\n<meta property=\"og:title\" content=\"Company - IVOSTUD\" \/>\n<meta property=\"og:description\" content=\"Bolzenschwei\u00dfen, Bolzenschwei\u00dfverfahren, Bolzenschwei\u00dftechnik, Bolzenschwei\u00dfl\u00f6sungen, Bolzenschwei\u00dfsysteme, Bolzenschwei\u00dfger\u00e4te,\" \/>\n<meta property=\"og:url\" content=\"https:\/\/www.ivostud.com\/en\/company\/\" \/>\n<meta property=\"og:site_name\" content=\"IVOSTUD\" \/>\n<meta property=\"article:modified_time\" content=\"2022-05-25T13:34:34+00:00\" \/>\n<meta property=\"og:image\" content=\"https:\/\/www.ivostud.com\/wp-content\/uploads\/2019\/03\/unternehmen-1.jpg\" \/>\n\t<meta property=\"og:image:width\" content=\"1680\" \/>\n\t<meta property=\"og:image:height\" content=\"1120\" \/>\n\t<meta property=\"og:image:type\" content=\"image\/jpeg\" \/>\n<meta name=\"twitter:card\" content=\"summary_large_image\" \/>\n<script type=\"application\/ld+json\" class=\"yoast-schema-graph\">{\"@context\":\"https:\/\/schema.org\",\"@graph\":[{\"@type\":\"WebPage\",\"@id\":\"https:\/\/www.ivostud.com\/en\/company\/\",\"url\":\"https:\/\/www.ivostud.com\/en\/company\/\",\"name\":\"Company - IVOSTUD\",\"isPartOf\":{\"@id\":\"https:\/\/www.ivostud.com\/#website\"},\"datePublished\":\"2022-05-25T13:35:13+00:00\",\"dateModified\":\"2022-05-25T13:34:34+00:00\",\"description\":\"Bolzenschwei\u00dfen, Bolzenschwei\u00dfverfahren, Bolzenschwei\u00dftechnik, Bolzenschwei\u00dfl\u00f6sungen, Bolzenschwei\u00dfsysteme, Bolzenschwei\u00dfger\u00e4te,\",\"breadcrumb\":{\"@id\":\"https:\/\/www.ivostud.com\/en\/company\/#breadcrumb\"},\"inLanguage\":\"en-US\",\"potentialAction\":[{\"@type\":\"ReadAction\",\"target\":[\"https:\/\/www.ivostud.com\/en\/company\/\"]}]},{\"@type\":\"BreadcrumbList\",\"@id\":\"https:\/\/www.ivostud.com\/en\/company\/#breadcrumb\",\"itemListElement\":[{\"@type\":\"ListItem\",\"position\":1,\"name\":\"Startseite\",\"item\":\"https:\/\/www.ivostud.com\/en\/\"},{\"@type\":\"ListItem\",\"position\":2,\"name\":\"Company\"}]},{\"@type\":\"WebSite\",\"@id\":\"https:\/\/www.ivostud.com\/#website\",\"url\":\"https:\/\/www.ivostud.com\/\",\"name\":\"IVOSTUD\",\"description\":\"Eine weitere WordPress-Website\",\"potentialAction\":[{\"@type\":\"SearchAction\",\"target\":{\"@type\":\"EntryPoint\",\"urlTemplate\":\"https:\/\/www.ivostud.com\/?s={search_term_string}\"},\"query-input\":\"required name=search_term_string\"}],\"inLanguage\":\"en-US\"}]}<\/script>\n<!-- \/ Yoast SEO plugin. -->","yoast_head_json":{"title":"Company - IVOSTUD","description":"Bolzenschwei\u00dfen, Bolzenschwei\u00dfverfahren, Bolzenschwei\u00dftechnik, Bolzenschwei\u00dfl\u00f6sungen, Bolzenschwei\u00dfsysteme, Bolzenschwei\u00dfger\u00e4te,","robots":{"index":"index","follow":"follow","max-snippet":"max-snippet:-1","max-image-preview":"max-image-preview:large","max-video-preview":"max-video-preview:-1"},"canonical":"https:\/\/www.ivostud.com\/en\/company\/","og_locale":"en_US","og_type":"article","og_title":"Company - IVOSTUD","og_description":"Bolzenschwei\u00dfen, Bolzenschwei\u00dfverfahren, Bolzenschwei\u00dftechnik, Bolzenschwei\u00dfl\u00f6sungen, Bolzenschwei\u00dfsysteme, Bolzenschwei\u00dfger\u00e4te,","og_url":"https:\/\/www.ivostud.com\/en\/company\/","og_site_name":"IVOSTUD","article_modified_time":"2022-05-25T13:34:34+00:00","og_image":[{"width":1680,"height":1120,"url":"https:\/\/www.ivostud.com\/wp-content\/uploads\/2019\/03\/unternehmen-1.jpg","type":"image\/jpeg"}],"twitter_card":"summary_large_image","schema":{"@context":"https:\/\/schema.org","@graph":[{"@type":"WebPage","@id":"https:\/\/www.ivostud.com\/en\/company\/","url":"https:\/\/www.ivostud.com\/en\/company\/","name":"Company - IVOSTUD","isPartOf":{"@id":"https:\/\/www.ivostud.com\/#website"},"datePublished":"2022-05-25T13:35:13+00:00","dateModified":"2022-05-25T13:34:34+00:00","description":"Bolzenschwei\u00dfen, Bolzenschwei\u00dfverfahren, Bolzenschwei\u00dftechnik, Bolzenschwei\u00dfl\u00f6sungen, Bolzenschwei\u00dfsysteme, Bolzenschwei\u00dfger\u00e4te,","breadcrumb":{"@id":"https:\/\/www.ivostud.com\/en\/company\/#breadcrumb"},"inLanguage":"en-US","potentialAction":[{"@type":"ReadAction","target":["https:\/\/www.ivostud.com\/en\/company\/"]}]},{"@type":"BreadcrumbList","@id":"https:\/\/www.ivostud.com\/en\/company\/#breadcrumb","itemListElement":[{"@type":"ListItem","position":1,"name":"Startseite","item":"https:\/\/www.ivostud.com\/en\/"},{"@type":"ListItem","position":2,"name":"Company"}]},{"@type":"WebSite","@id":"https:\/\/www.ivostud.com\/#website","url":"https:\/\/www.ivostud.com\/","name":"IVOSTUD","description":"Eine weitere WordPress-Website","potentialAction":[{"@type":"SearchAction","target":{"@type":"EntryPoint","urlTemplate":"https:\/\/www.ivostud.com\/?s={search_term_string}"},"query-input":"required name=search_term_string"}],"inLanguage":"en-US"}]}},"_links":{"self":[{"href":"https:\/\/www.ivostud.com\/en\/wp-json\/wp\/v2\/pages\/678"}],"collection":[{"href":"https:\/\/www.ivostud.com\/en\/wp-json\/wp\/v2\/pages"}],"about":[{"href":"https:\/\/www.ivostud.com\/en\/wp-json\/wp\/v2\/types\/page"}],"author":[{"embeddable":true,"href":"https:\/\/www.ivostud.com\/en\/wp-json\/wp\/v2\/users\/6"}],"replies":[{"embeddable":true,"href":"https:\/\/www.ivostud.com\/en\/wp-json\/wp\/v2\/comments?post=678"}],"version-history":[{"count":18,"href":"https:\/\/www.ivostud.com\/en\/wp-json\/wp\/v2\/pages\/678\/revisions"}],"predecessor-version":[{"id":2715,"href":"https:\/\/www.ivostud.com\/en\/wp-json\/wp\/v2\/pages\/678\/revisions\/2715"}],"wp:featuredmedia":[{"embeddable":true,"href":"https:\/\/www.ivostud.com\/en\/wp-json\/wp\/v2\/media\/676"}],"wp:attachment":[{"href":"https:\/\/www.ivostud.com\/en\/wp-json\/wp\/v2\/media?parent=678"}],"curies":[{"name":"wp","href":"https:\/\/api.w.org\/{rel}","templated":true}]}}